{"id":11420,"date":"2022-11-08T14:00:06","date_gmt":"2022-11-08T14:00:06","guid":{"rendered":"https:\/\/www.zuken.com\/en\/?page_id=11420&#038;preview_id=11420"},"modified":"2026-04-01T14:34:14","modified_gmt":"2026-04-01T13:34:14","slug":"ziw","status":"publish","type":"page","link":"https:\/\/www.zuken.com\/de\/ziw\/","title":{"rendered":"Zuken Innovation World (ZIW)"},"content":{"rendered":"<p>Zuken arbeitet mit weltweit f\u00fchrenden Unternehmen zusammen mit dem Ziel, ihre Designprozesse in der Elektrotechnik und Elektronik sowie die damit verbundenen fertigungstechnischen Herausforderungen zu perfektionieren. Dies erreichen wir durch unser innovatives Software-Produktportfolio und unsere umfassenden Beratungs- und Implementierungs-Dienstleistungen. Mit der Verbindung von langj\u00e4hriger Branchenerfahrung, technologischem Know-how und Agilit\u00e4t entstehen Best-in-Class-L\u00f6sungen. Transparente Arbeitsabl\u00e4ufe und Integrit\u00e4t in allen Gesch\u00e4ftsbereichen haben uns zu einem Partner f\u00fcr erfolgreiche und langfristige Kundenbeziehungen gemacht.Zuken arbeitet mit weltweit f\u00fchrenden Unternehmen zusammen mit dem Ziel, ihre Designprozesse in der Elektrotechnik und Elektronik sowie die damit verbundenen fertigungstechnischen Herausforderungen zu perfektionieren. Dies erreichen wir durch unser innovatives Software-Produktportfolio und unsere umfassenden Beratungs- und Implementierungs-Dienstleistungen. Mit der Verbindung von langj\u00e4hriger Branchenerfahrung, technologischem Know-how und Agilit\u00e4t entstehen Best-in-Class-L\u00f6sungen. Transparente Arbeitsabl\u00e4ufe und Integrit\u00e4t in allen Gesch\u00e4ftsbereichen haben uns zu einem Partner f\u00fcr erfolgreiche und langfristige Kundenbeziehungen gemacht.Zuken arbeitet mit weltweit f\u00fchrenden Unternehmen zusammen mit dem Ziel, ihre Designprozesse in der Elektrotechnik und Elektronik sowie die damit verbundenen fertigungstechnischen Herausforderungen zu perfektionieren. Dies erreichen wir durch unser innovatives Software-Produktportfolio und unsere umfassenden Beratungs- und Implementierungs-Dienstleistungen. Mit der Verbindung von langj\u00e4hriger Branchenerfahrung, technologischem Know-how und Agilit\u00e4t entstehen Best-in-Class-L\u00f6sungen. Transparente Arbeitsabl\u00e4ufe und Integrit\u00e4t in allen Gesch\u00e4ftsbereichen haben uns zu einem Partner f\u00fcr erfolgreiche und langfristige Kundenbeziehungen gemacht.<\/p>\n","protected":false},"excerpt":{"rendered":"<p>Zuken arbeitet mit weltweit f\u00fchrenden Unternehmen zusammen mit dem Ziel, ihre Designprozesse in der Elektrotechnik und Elektronik sowie die damit verbundenen fertigungstechnischen Herausforderungen zu perfektionieren. Dies erreichen wir durch unser innovatives Software-Produktportfolio und unsere umfassenden Beratungs- und Implementierungs-Dienstleistungen. Mit der Verbindung von langj\u00e4hriger Branchenerfahrung, technologischem Know-how und Agilit\u00e4t entstehen Best-in-Class-L\u00f6sungen. Transparente Arbeitsabl\u00e4ufe und Integrit\u00e4t in [&hellip;]<\/p>\n","protected":false},"author":10,"featured_media":17192,"parent":0,"menu_order":0,"comment_status":"closed","ping_status":"closed","template":"","meta":{"_acf_changed":false,"om_disable_all_campaigns":false,"footnotes":"","_links_to":"","_links_to_target":""},"class_list":["post-11420","page","type-page","status-publish","has-post-thumbnail","hentry"],"acf":[],"yoast_head":"<!-- This site is optimized with the Yoast SEO Premium plugin v27.5 (Yoast SEO v27.5) - https:\/\/yoast.com\/product\/yoast-seo-premium-wordpress\/ -->\n<title>Zuken Innovation World (ZIW) - Zuken GmbH<\/title>\n<meta name=\"robots\" content=\"index, follow, max-snippet:-1, max-image-preview:large, max-video-preview:-1\" \/>\n<link rel=\"canonical\" href=\"https:\/\/www.zuken.com\/de\/ziw\/\" \/>\n<meta property=\"og:locale\" content=\"de_DE\" \/>\n<meta property=\"og:type\" content=\"article\" \/>\n<meta property=\"og:title\" content=\"Zuken Innovation World (ZIW)\" \/>\n<meta property=\"og:description\" content=\"Zuken arbeitet mit weltweit f\u00fchrenden Unternehmen zusammen mit dem Ziel, ihre Designprozesse in der Elektrotechnik und Elektronik sowie die damit verbundenen fertigungstechnischen Herausforderungen zu perfektionieren. Dies erreichen wir durch unser innovatives Software-Produktportfolio und unsere umfassenden Beratungs- und Implementierungs-Dienstleistungen. Mit der Verbindung von langj\u00e4hriger Branchenerfahrung, technologischem Know-how und Agilit\u00e4t entstehen Best-in-Class-L\u00f6sungen. Transparente Arbeitsabl\u00e4ufe und Integrit\u00e4t in [&hellip;]\" \/>\n<meta property=\"og:url\" content=\"https:\/\/www.zuken.com\/de\/ziw\/\" \/>\n<meta property=\"og:site_name\" content=\"Deutsch\" \/>\n<meta property=\"article:publisher\" content=\"https:\/\/www.facebook.com\/zukenglobal\/\" \/>\n<meta property=\"article:modified_time\" content=\"2026-04-01T13:34:14+00:00\" \/>\n<meta property=\"og:image\" content=\"https:\/\/www.zuken.com\/de\/wp-content\/uploads\/sites\/8\/2022\/02\/ziw-2022-logo-1920x750-05-1.png\" \/>\n\t<meta property=\"og:image:width\" content=\"1920\" \/>\n\t<meta property=\"og:image:height\" content=\"751\" \/>\n\t<meta property=\"og:image:type\" content=\"image\/png\" \/>\n<meta name=\"twitter:card\" content=\"summary_large_image\" \/>\n<meta name=\"twitter:site\" content=\"@zukeneurope\" \/>\n<meta name=\"twitter:label1\" content=\"Gesch\u00e4tzte Lesezeit\" \/>\n\t<meta name=\"twitter:data1\" content=\"4 Minuten\" \/>\n<script type=\"application\/ld+json\" class=\"yoast-schema-graph\">{\"@context\":\"https:\\\/\\\/schema.org\",\"@graph\":[{\"@type\":\"WebPage\",\"@id\":\"https:\\\/\\\/www.zuken.com\\\/de\\\/ziw\\\/\",\"url\":\"https:\\\/\\\/www.zuken.com\\\/de\\\/ziw\\\/\",\"name\":\"Zuken Innovation World (ZIW) - Zuken GmbH\",\"isPartOf\":{\"@id\":\"https:\\\/\\\/www.zuken.com\\\/de\\\/#website\"},\"primaryImageOfPage\":{\"@id\":\"https:\\\/\\\/www.zuken.com\\\/de\\\/ziw\\\/#primaryimage\"},\"image\":{\"@id\":\"https:\\\/\\\/www.zuken.com\\\/de\\\/ziw\\\/#primaryimage\"},\"thumbnailUrl\":\"https:\\\/\\\/www.zuken.com\\\/de\\\/wp-content\\\/uploads\\\/sites\\\/8\\\/2022\\\/02\\\/ziw-2022-logo-1920x750-05-1.png\",\"datePublished\":\"2022-11-08T14:00:06+00:00\",\"dateModified\":\"2026-04-01T13:34:14+00:00\",\"breadcrumb\":{\"@id\":\"https:\\\/\\\/www.zuken.com\\\/de\\\/ziw\\\/#breadcrumb\"},\"inLanguage\":\"de-DE\",\"potentialAction\":[{\"@type\":\"ReadAction\",\"target\":[\"https:\\\/\\\/www.zuken.com\\\/de\\\/ziw\\\/\"]}]},{\"@type\":\"ImageObject\",\"inLanguage\":\"de-DE\",\"@id\":\"https:\\\/\\\/www.zuken.com\\\/de\\\/ziw\\\/#primaryimage\",\"url\":\"https:\\\/\\\/www.zuken.com\\\/de\\\/wp-content\\\/uploads\\\/sites\\\/8\\\/2022\\\/02\\\/ziw-2022-logo-1920x750-05-1.png\",\"contentUrl\":\"https:\\\/\\\/www.zuken.com\\\/de\\\/wp-content\\\/uploads\\\/sites\\\/8\\\/2022\\\/02\\\/ziw-2022-logo-1920x750-05-1.png\",\"width\":1920,\"height\":751,\"caption\":\"ZIW 24\"},{\"@type\":\"BreadcrumbList\",\"@id\":\"https:\\\/\\\/www.zuken.com\\\/de\\\/ziw\\\/#breadcrumb\",\"itemListElement\":[{\"@type\":\"ListItem\",\"position\":1,\"name\":\"Home\",\"item\":\"https:\\\/\\\/www.zuken.com\\\/de\\\/\"},{\"@type\":\"ListItem\",\"position\":2,\"name\":\"Zuken Innovation World (ZIW)\"}]},{\"@type\":\"WebSite\",\"@id\":\"https:\\\/\\\/www.zuken.com\\\/de\\\/#website\",\"url\":\"https:\\\/\\\/www.zuken.com\\\/de\\\/\",\"name\":\"Deutsch\",\"description\":\"PCB Design, Electrical Design, &amp; Design Data Management\",\"potentialAction\":[{\"@type\":\"SearchAction\",\"target\":{\"@type\":\"EntryPoint\",\"urlTemplate\":\"https:\\\/\\\/www.zuken.com\\\/de\\\/?s={search_term_string}\"},\"query-input\":{\"@type\":\"PropertyValueSpecification\",\"valueRequired\":true,\"valueName\":\"search_term_string\"}}],\"inLanguage\":\"de-DE\"}]}<\/script>\n<!-- \/ Yoast SEO Premium plugin. -->","yoast_head_json":{"title":"Zuken Innovation World (ZIW) - Zuken GmbH","robots":{"index":"index","follow":"follow","max-snippet":"max-snippet:-1","max-image-preview":"max-image-preview:large","max-video-preview":"max-video-preview:-1"},"canonical":"https:\/\/www.zuken.com\/de\/ziw\/","og_locale":"de_DE","og_type":"article","og_title":"Zuken Innovation World (ZIW)","og_description":"Zuken arbeitet mit weltweit f\u00fchrenden Unternehmen zusammen mit dem Ziel, ihre Designprozesse in der Elektrotechnik und Elektronik sowie die damit verbundenen fertigungstechnischen Herausforderungen zu perfektionieren. Dies erreichen wir durch unser innovatives Software-Produktportfolio und unsere umfassenden Beratungs- und Implementierungs-Dienstleistungen. Mit der Verbindung von langj\u00e4hriger Branchenerfahrung, technologischem Know-how und Agilit\u00e4t entstehen Best-in-Class-L\u00f6sungen. Transparente Arbeitsabl\u00e4ufe und Integrit\u00e4t in [&hellip;]","og_url":"https:\/\/www.zuken.com\/de\/ziw\/","og_site_name":"Deutsch","article_publisher":"https:\/\/www.facebook.com\/zukenglobal\/","article_modified_time":"2026-04-01T13:34:14+00:00","og_image":[{"width":1920,"height":751,"url":"https:\/\/www.zuken.com\/de\/wp-content\/uploads\/sites\/8\/2022\/02\/ziw-2022-logo-1920x750-05-1.png","type":"image\/png"}],"twitter_card":"summary_large_image","twitter_site":"@zukeneurope","twitter_misc":{"Gesch\u00e4tzte Lesezeit":"4 Minuten"},"schema":{"@context":"https:\/\/schema.org","@graph":[{"@type":"WebPage","@id":"https:\/\/www.zuken.com\/de\/ziw\/","url":"https:\/\/www.zuken.com\/de\/ziw\/","name":"Zuken Innovation World (ZIW) - Zuken GmbH","isPartOf":{"@id":"https:\/\/www.zuken.com\/de\/#website"},"primaryImageOfPage":{"@id":"https:\/\/www.zuken.com\/de\/ziw\/#primaryimage"},"image":{"@id":"https:\/\/www.zuken.com\/de\/ziw\/#primaryimage"},"thumbnailUrl":"https:\/\/www.zuken.com\/de\/wp-content\/uploads\/sites\/8\/2022\/02\/ziw-2022-logo-1920x750-05-1.png","datePublished":"2022-11-08T14:00:06+00:00","dateModified":"2026-04-01T13:34:14+00:00","breadcrumb":{"@id":"https:\/\/www.zuken.com\/de\/ziw\/#breadcrumb"},"inLanguage":"de-DE","potentialAction":[{"@type":"ReadAction","target":["https:\/\/www.zuken.com\/de\/ziw\/"]}]},{"@type":"ImageObject","inLanguage":"de-DE","@id":"https:\/\/www.zuken.com\/de\/ziw\/#primaryimage","url":"https:\/\/www.zuken.com\/de\/wp-content\/uploads\/sites\/8\/2022\/02\/ziw-2022-logo-1920x750-05-1.png","contentUrl":"https:\/\/www.zuken.com\/de\/wp-content\/uploads\/sites\/8\/2022\/02\/ziw-2022-logo-1920x750-05-1.png","width":1920,"height":751,"caption":"ZIW 24"},{"@type":"BreadcrumbList","@id":"https:\/\/www.zuken.com\/de\/ziw\/#breadcrumb","itemListElement":[{"@type":"ListItem","position":1,"name":"Home","item":"https:\/\/www.zuken.com\/de\/"},{"@type":"ListItem","position":2,"name":"Zuken Innovation World (ZIW)"}]},{"@type":"WebSite","@id":"https:\/\/www.zuken.com\/de\/#website","url":"https:\/\/www.zuken.com\/de\/","name":"Deutsch","description":"PCB Design, Electrical Design, &amp; Design Data Management","potentialAction":[{"@type":"SearchAction","target":{"@type":"EntryPoint","urlTemplate":"https:\/\/www.zuken.com\/de\/?s={search_term_string}"},"query-input":{"@type":"PropertyValueSpecification","valueRequired":true,"valueName":"search_term_string"}}],"inLanguage":"de-DE"}]}},"_links":{"self":[{"href":"https:\/\/www.zuken.com\/de\/wp-json\/wp\/v2\/pages\/11420","targetHints":{"allow":["GET"]}}],"collection":[{"href":"https:\/\/www.zuken.com\/de\/wp-json\/wp\/v2\/pages"}],"about":[{"href":"https:\/\/www.zuken.com\/de\/wp-json\/wp\/v2\/types\/page"}],"author":[{"embeddable":true,"href":"https:\/\/www.zuken.com\/de\/wp-json\/wp\/v2\/users\/10"}],"replies":[{"embeddable":true,"href":"https:\/\/www.zuken.com\/de\/wp-json\/wp\/v2\/comments?post=11420"}],"version-history":[{"count":4,"href":"https:\/\/www.zuken.com\/de\/wp-json\/wp\/v2\/pages\/11420\/revisions"}],"predecessor-version":[{"id":21298,"href":"https:\/\/www.zuken.com\/de\/wp-json\/wp\/v2\/pages\/11420\/revisions\/21298"}],"wp:featuredmedia":[{"embeddable":true,"href":"https:\/\/www.zuken.com\/de\/wp-json\/wp\/v2\/media\/17192"}],"wp:attachment":[{"href":"https:\/\/www.zuken.com\/de\/wp-json\/wp\/v2\/media?parent=11420"}],"curies":[{"name":"wp","href":"https:\/\/api.w.org\/{rel}","templated":true}]}}